{"id":66,"date":"2023-06-25T18:15:46","date_gmt":"2023-06-25T18:15:46","guid":{"rendered":"https:\/\/garikas.lv\/new\/?page_id=66"},"modified":"2023-07-25T14:06:17","modified_gmt":"2023-07-25T14:06:17","slug":"galerija","status":"publish","type":"page","link":"https:\/\/garikas.lv\/new\/index.php\/galerija\/","title":{"rendered":"Galerija"},"content":{"rendered":"\n<p><a rel=\"noreferrer noopener\" href=\"https:\/\/www.google.com\/search?q=gar%C4%ABkas&amp;tbm=isch&amp;sa=X&amp;ved=2ahUKEwiP8vu8id__AhUpbPEDHYkjBlgQ0pQJegQICRAB&amp;biw=1451&amp;bih=846&amp;dpr=2\" target=\"_blank\">Priec\u0101simies un b\u016bsim pateic\u012bgi ar\u012b par J\u016bsu bild\u0113m!<\/a><\/p>\n\n\n\n<figure class=\"wp-block-gallery has-nested-images columns-default is-cropped wp-block-gallery-1 is-layout-flex wp-block-gallery-is-layout-flex\">\n<figure class=\"wp-block-image size-large\"><img loading=\"lazy\" decoding=\"async\" width=\"800\" height=\"600\" data-id=\"114\" src=\"https:\/\/garikas.lv\/new\/wp-content\/uploads\/2023\/06\/1-2.jpg\" alt=\"\" class=\"wp-image-114\" srcset=\"https:\/\/garikas.lv\/new\/wp-content\/uploads\/2023\/06\/1-2.jpg 800w, https:\/\/garikas.lv\/new\/wp-content\/uploads\/2023\/06\/1-2-300x225.jpg 300w, https:\/\/garikas.lv\/new\/wp-content\/uploads\/2023\/06\/1-2-768x576.jpg 768w\" sizes=\"auto, (max-width: 767px) 89vw, (max-width: 1000px) 54vw, (max-width: 1071px) 543px, 580px\" \/><\/figure>\n\n\n\n<figure class=\"wp-block-image size-large\"><img loading=\"lazy\" decoding=\"async\" width=\"800\" height=\"600\" data-id=\"120\" src=\"https:\/\/garikas.lv\/new\/wp-content\/uploads\/2023\/06\/2-2.jpg\" alt=\"\" class=\"wp-image-120\" srcset=\"https:\/\/garikas.lv\/new\/wp-content\/uploads\/2023\/06\/2-2.jpg 800w, https:\/\/garikas.lv\/new\/wp-content\/uploads\/2023\/06\/2-2-300x225.jpg 300w, https:\/\/garikas.lv\/new\/wp-content\/uploads\/2023\/06\/2-2-768x576.jpg 768w\" sizes=\"auto, (max-width: 767px) 89vw, (max-width: 1000px) 54vw, (max-width: 1071px) 543px, 580px\" \/><\/figure>\n\n\n\n<figure class=\"wp-block-image size-large\"><img loading=\"lazy\" decoding=\"async\" width=\"800\" height=\"600\" data-id=\"127\" src=\"https:\/\/garikas.lv\/new\/wp-content\/uploads\/2023\/06\/3-1.jpg\" alt=\"\" class=\"wp-image-127\" srcset=\"https:\/\/garikas.lv\/new\/wp-content\/uploads\/2023\/06\/3-1.jpg 800w, https:\/\/garikas.lv\/new\/wp-content\/uploads\/2023\/06\/3-1-300x225.jpg 300w, https:\/\/garikas.lv\/new\/wp-content\/uploads\/2023\/06\/3-1-768x576.jpg 768w\" sizes=\"auto, (max-width: 767px) 89vw, (max-width: 1000px) 54vw, (max-width: 1071px) 543px, 580px\" \/><\/figure>\n\n\n\n<figure class=\"wp-block-image size-large\"><img loading=\"lazy\" decoding=\"async\" width=\"800\" height=\"533\" data-id=\"117\" src=\"https:\/\/garikas.lv\/new\/wp-content\/uploads\/2023\/06\/4-1.jpeg\" alt=\"\" class=\"wp-image-117\" srcset=\"https:\/\/garikas.lv\/new\/wp-content\/uploads\/2023\/06\/4-1.jpeg 800w, https:\/\/garikas.lv\/new\/wp-content\/uploads\/2023\/06\/4-1-300x200.jpeg 300w, https:\/\/garikas.lv\/new\/wp-content\/uploads\/2023\/06\/4-1-768x512.jpeg 768w\" sizes=\"auto, (max-width: 767px) 89vw, (max-width: 1000px) 54vw, (max-width: 1071px) 543px, 580px\" \/><\/figure>\n\n\n\n<figure class=\"wp-block-image size-large\"><img loading=\"lazy\" decoding=\"async\" width=\"800\" height=\"600\" data-id=\"128\" src=\"https:\/\/garikas.lv\/new\/wp-content\/uploads\/2023\/06\/7-2.jpg\" alt=\"\" class=\"wp-image-128\" srcset=\"https:\/\/garikas.lv\/new\/wp-content\/uploads\/2023\/06\/7-2.jpg 800w, https:\/\/garikas.lv\/new\/wp-content\/uploads\/2023\/06\/7-2-300x225.jpg 300w, https:\/\/garikas.lv\/new\/wp-content\/uploads\/2023\/06\/7-2-768x576.jpg 768w\" sizes=\"auto, (max-width: 767px) 89vw, (max-width: 1000px) 54vw, (max-width: 1071px) 543px, 580px\" \/><\/figure>\n\n\n\n<figure class=\"wp-block-image size-large\"><img loading=\"lazy\" decoding=\"async\" width=\"800\" height=\"600\" data-id=\"125\" src=\"https:\/\/garikas.lv\/new\/wp-content\/uploads\/2023\/06\/9-1.jpg\" alt=\"\" class=\"wp-image-125\" srcset=\"https:\/\/garikas.lv\/new\/wp-content\/uploads\/2023\/06\/9-1.jpg 800w, https:\/\/garikas.lv\/new\/wp-content\/uploads\/2023\/06\/9-1-300x225.jpg 300w, https:\/\/garikas.lv\/new\/wp-content\/uploads\/2023\/06\/9-1-768x576.jpg 768w\" sizes=\"auto, (max-width: 767px) 89vw, (max-width: 1000px) 54vw, (max-width: 1071px) 543px, 580px\" \/><\/figure>\n\n\n\n<figure class=\"wp-block-image size-large\"><img loading=\"lazy\" decoding=\"async\" width=\"800\" height=\"600\" data-id=\"123\" src=\"https:\/\/garikas.lv\/new\/wp-content\/uploads\/2023\/06\/10-1.jpg\" alt=\"\" class=\"wp-image-123\" srcset=\"https:\/\/garikas.lv\/new\/wp-content\/uploads\/2023\/06\/10-1.jpg 800w, https:\/\/garikas.lv\/new\/wp-content\/uploads\/2023\/06\/10-1-300x225.jpg 300w, https:\/\/garikas.lv\/new\/wp-content\/uploads\/2023\/06\/10-1-768x576.jpg 768w\" sizes=\"auto, (max-width: 767px) 89vw, (max-width: 1000px) 54vw, (max-width: 1071px) 543px, 580px\" \/><\/figure>\n\n\n\n<figure class=\"wp-block-image size-large\"><img loading=\"lazy\" decoding=\"async\" width=\"800\" height=\"600\" data-id=\"126\" src=\"https:\/\/garikas.lv\/new\/wp-content\/uploads\/2023\/06\/11-1.jpg\" alt=\"\" class=\"wp-image-126\" srcset=\"https:\/\/garikas.lv\/new\/wp-content\/uploads\/2023\/06\/11-1.jpg 800w, https:\/\/garikas.lv\/new\/wp-content\/uploads\/2023\/06\/11-1-300x225.jpg 300w, https:\/\/garikas.lv\/new\/wp-content\/uploads\/2023\/06\/11-1-768x576.jpg 768w\" sizes=\"auto, (max-width: 767px) 89vw, (max-width: 1000px) 54vw, (max-width: 1071px) 543px, 580px\" \/><\/figure>\n\n\n\n<figure class=\"wp-block-image size-large\"><img loading=\"lazy\" decoding=\"async\" width=\"533\" height=\"800\" data-id=\"116\" src=\"https:\/\/garikas.lv\/new\/wp-content\/uploads\/2023\/06\/12-1.jpeg\" alt=\"\" class=\"wp-image-116\" srcset=\"https:\/\/garikas.lv\/new\/wp-content\/uploads\/2023\/06\/12-1.jpeg 533w, https:\/\/garikas.lv\/new\/wp-content\/uploads\/2023\/06\/12-1-200x300.jpeg 200w\" sizes=\"auto, (max-width: 533px) 100vw, 533px\" \/><\/figure>\n\n\n\n<figure class=\"wp-block-image size-large\"><img loading=\"lazy\" decoding=\"async\" width=\"800\" height=\"533\" data-id=\"115\" src=\"https:\/\/garikas.lv\/new\/wp-content\/uploads\/2023\/06\/13-2.jpeg\" alt=\"\" class=\"wp-image-115\" srcset=\"https:\/\/garikas.lv\/new\/wp-content\/uploads\/2023\/06\/13-2.jpeg 800w, https:\/\/garikas.lv\/new\/wp-content\/uploads\/2023\/06\/13-2-300x200.jpeg 300w, https:\/\/garikas.lv\/new\/wp-content\/uploads\/2023\/06\/13-2-768x512.jpeg 768w\" sizes=\"auto, (max-width: 767px) 89vw, (max-width: 1000px) 54vw, (max-width: 1071px) 543px, 580px\" \/><\/figure>\n\n\n\n<figure class=\"wp-block-image size-large\"><img loading=\"lazy\" decoding=\"async\" width=\"800\" height=\"600\" data-id=\"121\" src=\"https:\/\/garikas.lv\/new\/wp-content\/uploads\/2023\/06\/14-1.jpg\" alt=\"\" class=\"wp-image-121\" srcset=\"https:\/\/garikas.lv\/new\/wp-content\/uploads\/2023\/06\/14-1.jpg 800w, https:\/\/garikas.lv\/new\/wp-content\/uploads\/2023\/06\/14-1-300x225.jpg 300w, https:\/\/garikas.lv\/new\/wp-content\/uploads\/2023\/06\/14-1-768x576.jpg 768w\" sizes=\"auto, (max-width: 767px) 89vw, (max-width: 1000px) 54vw, (max-width: 1071px) 543px, 580px\" \/><\/figure>\n\n\n\n<figure class=\"wp-block-image size-large\"><img loading=\"lazy\" decoding=\"async\" width=\"800\" height=\"533\" data-id=\"118\" src=\"https:\/\/garikas.lv\/new\/wp-content\/uploads\/2023\/06\/15-1.jpeg\" alt=\"\" class=\"wp-image-118\" srcset=\"https:\/\/garikas.lv\/new\/wp-content\/uploads\/2023\/06\/15-1.jpeg 800w, https:\/\/garikas.lv\/new\/wp-content\/uploads\/2023\/06\/15-1-300x200.jpeg 300w, https:\/\/garikas.lv\/new\/wp-content\/uploads\/2023\/06\/15-1-768x512.jpeg 768w\" sizes=\"auto, (max-width: 767px) 89vw, (max-width: 1000px) 54vw, (max-width: 1071px) 543px, 580px\" \/><\/figure>\n\n\n\n<figure class=\"wp-block-image size-large\"><img loading=\"lazy\" decoding=\"async\" width=\"800\" height=\"600\" data-id=\"119\" src=\"https:\/\/garikas.lv\/new\/wp-content\/uploads\/2023\/06\/16-1.jpg\" alt=\"\" class=\"wp-image-119\" srcset=\"https:\/\/garikas.lv\/new\/wp-content\/uploads\/2023\/06\/16-1.jpg 800w, https:\/\/garikas.lv\/new\/wp-content\/uploads\/2023\/06\/16-1-300x225.jpg 300w, https:\/\/garikas.lv\/new\/wp-content\/uploads\/2023\/06\/16-1-768x576.jpg 768w\" sizes=\"auto, (max-width: 767px) 89vw, (max-width: 1000px) 54vw, (max-width: 1071px) 543px, 580px\" \/><\/figure>\n\n\n\n<figure class=\"wp-block-image size-large\"><img loading=\"lazy\" decoding=\"async\" width=\"800\" height=\"600\" data-id=\"122\" src=\"https:\/\/garikas.lv\/new\/wp-content\/uploads\/2023\/06\/17-1.jpg\" alt=\"\" class=\"wp-image-122\" srcset=\"https:\/\/garikas.lv\/new\/wp-content\/uploads\/2023\/06\/17-1.jpg 800w, https:\/\/garikas.lv\/new\/wp-content\/uploads\/2023\/06\/17-1-300x225.jpg 300w, https:\/\/garikas.lv\/new\/wp-content\/uploads\/2023\/06\/17-1-768x576.jpg 768w\" sizes=\"auto, (max-width: 767px) 89vw, (max-width: 1000px) 54vw, (max-width: 1071px) 543px, 580px\" \/><\/figure>\n\n\n\n<figure class=\"wp-block-image size-large\"><img loading=\"lazy\" decoding=\"async\" width=\"800\" height=\"600\" data-id=\"124\" src=\"https:\/\/garikas.lv\/new\/wp-content\/uploads\/2023\/06\/18-1.jpg\" alt=\"\" class=\"wp-image-124\" srcset=\"https:\/\/garikas.lv\/new\/wp-content\/uploads\/2023\/06\/18-1.jpg 800w, https:\/\/garikas.lv\/new\/wp-content\/uploads\/2023\/06\/18-1-300x225.jpg 300w, https:\/\/garikas.lv\/new\/wp-content\/uploads\/2023\/06\/18-1-768x576.jpg 768w\" sizes=\"auto, (max-width: 767px) 89vw, (max-width: 1000px) 54vw, (max-width: 1071px) 543px, 580px\" \/><\/figure>\n\n\n\n<figure class=\"wp-block-image size-large\"><img loading=\"lazy\" decoding=\"async\" width=\"800\" height=\"600\" data-id=\"129\" src=\"https:\/\/garikas.lv\/new\/wp-content\/uploads\/2023\/06\/19-1.jpg\" alt=\"\" class=\"wp-image-129\" srcset=\"https:\/\/garikas.lv\/new\/wp-content\/uploads\/2023\/06\/19-1.jpg 800w, https:\/\/garikas.lv\/new\/wp-content\/uploads\/2023\/06\/19-1-300x225.jpg 300w, https:\/\/garikas.lv\/new\/wp-content\/uploads\/2023\/06\/19-1-768x576.jpg 768w\" sizes=\"auto, (max-width: 767px) 89vw, (max-width: 1000px) 54vw, (max-width: 1071px) 543px, 580px\" \/><\/figure>\n\n\n\n<figure class=\"wp-block-image size-large\"><img loading=\"lazy\" decoding=\"async\" width=\"800\" height=\"600\" data-id=\"131\" src=\"https:\/\/garikas.lv\/new\/wp-content\/uploads\/2023\/06\/20-1.jpg\" alt=\"\" class=\"wp-image-131\" srcset=\"https:\/\/garikas.lv\/new\/wp-content\/uploads\/2023\/06\/20-1.jpg 800w, https:\/\/garikas.lv\/new\/wp-content\/uploads\/2023\/06\/20-1-300x225.jpg 300w, https:\/\/garikas.lv\/new\/wp-content\/uploads\/2023\/06\/20-1-768x576.jpg 768w\" sizes=\"auto, (max-width: 767px) 89vw, (max-width: 1000px) 54vw, (max-width: 1071px) 543px, 580px\" \/><\/figure>\n\n\n\n<figure class=\"wp-block-image size-large\"><img loading=\"lazy\" decoding=\"async\" width=\"800\" height=\"600\" data-id=\"134\" src=\"https:\/\/garikas.lv\/new\/wp-content\/uploads\/2023\/06\/25-2.jpg\" alt=\"\" class=\"wp-image-134\" srcset=\"https:\/\/garikas.lv\/new\/wp-content\/uploads\/2023\/06\/25-2.jpg 800w, https:\/\/garikas.lv\/new\/wp-content\/uploads\/2023\/06\/25-2-300x225.jpg 300w, https:\/\/garikas.lv\/new\/wp-content\/uploads\/2023\/06\/25-2-768x576.jpg 768w\" sizes=\"auto, (max-width: 767px) 89vw, (max-width: 1000px) 54vw, (max-width: 1071px) 543px, 580px\" \/><\/figure>\n\n\n\n<figure class=\"wp-block-image size-large\"><img loading=\"lazy\" decoding=\"async\" width=\"800\" height=\"600\" data-id=\"137\" src=\"https:\/\/garikas.lv\/new\/wp-content\/uploads\/2023\/06\/26-1.jpg\" alt=\"\" class=\"wp-image-137\" srcset=\"https:\/\/garikas.lv\/new\/wp-content\/uploads\/2023\/06\/26-1.jpg 800w, https:\/\/garikas.lv\/new\/wp-content\/uploads\/2023\/06\/26-1-300x225.jpg 300w, https:\/\/garikas.lv\/new\/wp-content\/uploads\/2023\/06\/26-1-768x576.jpg 768w\" sizes=\"auto, (max-width: 767px) 89vw, (max-width: 1000px) 54vw, (max-width: 1071px) 543px, 580px\" \/><\/figure>\n\n\n\n<figure class=\"wp-block-image size-large\"><img loading=\"lazy\" decoding=\"async\" width=\"800\" height=\"600\" data-id=\"140\" src=\"https:\/\/garikas.lv\/new\/wp-content\/uploads\/2023\/06\/27-1.jpg\" alt=\"\" class=\"wp-image-140\" srcset=\"https:\/\/garikas.lv\/new\/wp-content\/uploads\/2023\/06\/27-1.jpg 800w, https:\/\/garikas.lv\/new\/wp-content\/uploads\/2023\/06\/27-1-300x225.jpg 300w, https:\/\/garikas.lv\/new\/wp-content\/uploads\/2023\/06\/27-1-768x576.jpg 768w\" sizes=\"auto, (max-width: 767px) 89vw, (max-width: 1000px) 54vw, (max-width: 1071px) 543px, 580px\" \/><\/figure>\n\n\n\n<figure class=\"wp-block-image size-large\"><img loading=\"lazy\" decoding=\"async\" width=\"800\" height=\"600\" data-id=\"136\" src=\"https:\/\/garikas.lv\/new\/wp-content\/uploads\/2023\/06\/28-1.jpg\" alt=\"\" class=\"wp-image-136\" srcset=\"https:\/\/garikas.lv\/new\/wp-content\/uploads\/2023\/06\/28-1.jpg 800w, https:\/\/garikas.lv\/new\/wp-content\/uploads\/2023\/06\/28-1-300x225.jpg 300w, https:\/\/garikas.lv\/new\/wp-content\/uploads\/2023\/06\/28-1-768x576.jpg 768w\" sizes=\"auto, (max-width: 767px) 89vw, (max-width: 1000px) 54vw, (max-width: 1071px) 543px, 580px\" \/><\/figure>\n\n\n\n<figure class=\"wp-block-image size-large\"><img loading=\"lazy\" decoding=\"async\" width=\"800\" height=\"600\" data-id=\"138\" src=\"https:\/\/garikas.lv\/new\/wp-content\/uploads\/2023\/06\/29-1.jpg\" alt=\"\" class=\"wp-image-138\" srcset=\"https:\/\/garikas.lv\/new\/wp-content\/uploads\/2023\/06\/29-1.jpg 800w, https:\/\/garikas.lv\/new\/wp-content\/uploads\/2023\/06\/29-1-300x225.jpg 300w, https:\/\/garikas.lv\/new\/wp-content\/uploads\/2023\/06\/29-1-768x576.jpg 768w\" sizes=\"auto, (max-width: 767px) 89vw, (max-width: 1000px) 54vw, (max-width: 1071px) 543px, 580px\" \/><\/figure>\n\n\n\n<figure class=\"wp-block-image size-large\"><img loading=\"lazy\" decoding=\"async\" width=\"800\" height=\"600\" data-id=\"141\" src=\"https:\/\/garikas.lv\/new\/wp-content\/uploads\/2023\/06\/30-1.jpg\" alt=\"\" class=\"wp-image-141\" srcset=\"https:\/\/garikas.lv\/new\/wp-content\/uploads\/2023\/06\/30-1.jpg 800w, https:\/\/garikas.lv\/new\/wp-content\/uploads\/2023\/06\/30-1-300x225.jpg 300w, https:\/\/garikas.lv\/new\/wp-content\/uploads\/2023\/06\/30-1-768x576.jpg 768w\" sizes=\"auto, (max-width: 767px) 89vw, (max-width: 1000px) 54vw, (max-width: 1071px) 543px, 580px\" \/><\/figure>\n\n\n\n<figure class=\"wp-block-image size-large\"><img loading=\"lazy\" decoding=\"async\" width=\"800\" height=\"600\" data-id=\"139\" src=\"https:\/\/garikas.lv\/new\/wp-content\/uploads\/2023\/06\/31-2.jpg\" alt=\"\" class=\"wp-image-139\" srcset=\"https:\/\/garikas.lv\/new\/wp-content\/uploads\/2023\/06\/31-2.jpg 800w, https:\/\/garikas.lv\/new\/wp-content\/uploads\/2023\/06\/31-2-300x225.jpg 300w, https:\/\/garikas.lv\/new\/wp-content\/uploads\/2023\/06\/31-2-768x576.jpg 768w\" sizes=\"auto, (max-width: 767px) 89vw, (max-width: 1000px) 54vw, (max-width: 1071px) 543px, 580px\" \/><\/figure>\n\n\n\n<figure class=\"wp-block-image size-large\"><img loading=\"lazy\" decoding=\"async\" width=\"800\" height=\"600\" data-id=\"142\" src=\"https:\/\/garikas.lv\/new\/wp-content\/uploads\/2023\/06\/32-1.jpg\" alt=\"\" class=\"wp-image-142\" srcset=\"https:\/\/garikas.lv\/new\/wp-content\/uploads\/2023\/06\/32-1.jpg 800w, https:\/\/garikas.lv\/new\/wp-content\/uploads\/2023\/06\/32-1-300x225.jpg 300w, https:\/\/garikas.lv\/new\/wp-content\/uploads\/2023\/06\/32-1-768x576.jpg 768w\" sizes=\"auto, (max-width: 767px) 89vw, (max-width: 1000px) 54vw, (max-width: 1071px) 543px, 580px\" \/><\/figure>\n\n\n\n<figure class=\"wp-block-image size-large\"><img loading=\"lazy\" decoding=\"async\" width=\"800\" height=\"600\" data-id=\"143\" src=\"https:\/\/garikas.lv\/new\/wp-content\/uploads\/2023\/06\/33-1.jpg\" alt=\"\" class=\"wp-image-143\" srcset=\"https:\/\/garikas.lv\/new\/wp-content\/uploads\/2023\/06\/33-1.jpg 800w, https:\/\/garikas.lv\/new\/wp-content\/uploads\/2023\/06\/33-1-300x225.jpg 300w, https:\/\/garikas.lv\/new\/wp-content\/uploads\/2023\/06\/33-1-768x576.jpg 768w\" sizes=\"auto, (max-width: 767px) 89vw, (max-width: 1000px) 54vw, (max-width: 1071px) 543px, 580px\" \/><\/figure>\n\n\n\n<figure class=\"wp-block-image size-large\"><img loading=\"lazy\" decoding=\"async\" width=\"1024\" height=\"681\" data-id=\"144\" src=\"https:\/\/garikas.lv\/new\/wp-content\/uploads\/2023\/06\/41-1024x681.jpg\" alt=\"\" class=\"wp-image-144\" srcset=\"https:\/\/garikas.lv\/new\/wp-content\/uploads\/2023\/06\/41-1024x681.jpg 1024w, https:\/\/garikas.lv\/new\/wp-content\/uploads\/2023\/06\/41-300x200.jpg 300w, https:\/\/garikas.lv\/new\/wp-content\/uploads\/2023\/06\/41-768x511.jpg 768w, https:\/\/garikas.lv\/new\/wp-content\/uploads\/2023\/06\/41.jpg 1028w\" sizes=\"auto, (max-width: 767px) 89vw, (max-width: 1000px) 54vw, (max-width: 1071px) 543px, 580px\" \/><\/figure>\n\n\n\n<figure class=\"wp-block-image size-large\"><img loading=\"lazy\" decoding=\"async\" width=\"682\" height=\"1024\" data-id=\"146\" src=\"https:\/\/garikas.lv\/new\/wp-content\/uploads\/2023\/06\/42.jpeg\" alt=\"\" class=\"wp-image-146\" srcset=\"https:\/\/garikas.lv\/new\/wp-content\/uploads\/2023\/06\/42.jpeg 682w, https:\/\/garikas.lv\/new\/wp-content\/uploads\/2023\/06\/42-200x300.jpeg 200w\" sizes=\"auto, (max-width: 682px) 100vw, 682px\" \/><\/figure>\n\n\n\n<figure class=\"wp-block-image size-large\"><img loading=\"lazy\" decoding=\"async\" width=\"682\" height=\"1024\" data-id=\"145\" src=\"https:\/\/garikas.lv\/new\/wp-content\/uploads\/2023\/06\/43.jpg\" alt=\"\" class=\"wp-image-145\" srcset=\"https:\/\/garikas.lv\/new\/wp-content\/uploads\/2023\/06\/43.jpg 682w, https:\/\/garikas.lv\/new\/wp-content\/uploads\/2023\/06\/43-200x300.jpg 200w\" sizes=\"auto, (max-width: 682px) 100vw, 682px\" \/><\/figure>\n\n\n\n<figure class=\"wp-block-image size-large\"><img loading=\"lazy\" decoding=\"async\" width=\"682\" height=\"1024\" data-id=\"147\" src=\"https:\/\/garikas.lv\/new\/wp-content\/uploads\/2023\/06\/44.jpg\" alt=\"\" class=\"wp-image-147\" srcset=\"https:\/\/garikas.lv\/new\/wp-content\/uploads\/2023\/06\/44.jpg 682w, https:\/\/garikas.lv\/new\/wp-content\/uploads\/2023\/06\/44-200x300.jpg 200w\" sizes=\"auto, (max-width: 682px) 100vw, 682px\" \/><\/figure>\n\n\n\n<figure class=\"wp-block-image size-large\"><img loading=\"lazy\" decoding=\"async\" width=\"1024\" height=\"682\" data-id=\"150\" src=\"https:\/\/garikas.lv\/new\/wp-content\/uploads\/2023\/06\/45.jpg\" alt=\"\" class=\"wp-image-150\" srcset=\"https:\/\/garikas.lv\/new\/wp-content\/uploads\/2023\/06\/45.jpg 1024w, https:\/\/garikas.lv\/new\/wp-content\/uploads\/2023\/06\/45-300x200.jpg 300w, https:\/\/garikas.lv\/new\/wp-content\/uploads\/2023\/06\/45-768x512.jpg 768w\" sizes=\"auto, (max-width: 767px) 89vw, (max-width: 1000px) 54vw, (max-width: 1071px) 543px, 580px\" \/><\/figure>\n\n\n\n<figure class=\"wp-block-image size-large\"><img loading=\"lazy\" decoding=\"async\" width=\"682\" height=\"1024\" data-id=\"149\" src=\"https:\/\/garikas.lv\/new\/wp-content\/uploads\/2023\/06\/46.jpeg\" alt=\"\" class=\"wp-image-149\" srcset=\"https:\/\/garikas.lv\/new\/wp-content\/uploads\/2023\/06\/46.jpeg 682w, https:\/\/garikas.lv\/new\/wp-content\/uploads\/2023\/06\/46-200x300.jpeg 200w\" sizes=\"auto, (max-width: 682px) 100vw, 682px\" \/><\/figure>\n\n\n\n<figure class=\"wp-block-image size-large\"><img loading=\"lazy\" decoding=\"async\" width=\"682\" height=\"1024\" data-id=\"151\" src=\"https:\/\/garikas.lv\/new\/wp-content\/uploads\/2023\/06\/47.jpg\" alt=\"\" class=\"wp-image-151\" srcset=\"https:\/\/garikas.lv\/new\/wp-content\/uploads\/2023\/06\/47.jpg 682w, https:\/\/garikas.lv\/new\/wp-content\/uploads\/2023\/06\/47-200x300.jpg 200w\" sizes=\"auto, (max-width: 682px) 100vw, 682px\" \/><\/figure>\n\n\n\n<figure class=\"wp-block-image size-large\"><img loading=\"lazy\" decoding=\"async\" width=\"900\" height=\"600\" data-id=\"148\" src=\"https:\/\/garikas.lv\/new\/wp-content\/uploads\/2023\/06\/48.jpeg\" alt=\"\" class=\"wp-image-148\" srcset=\"https:\/\/garikas.lv\/new\/wp-content\/uploads\/2023\/06\/48.jpeg 900w, https:\/\/garikas.lv\/new\/wp-content\/uploads\/2023\/06\/48-300x200.jpeg 300w, https:\/\/garikas.lv\/new\/wp-content\/uploads\/2023\/06\/48-768x512.jpeg 768w\" sizes=\"auto, (max-width: 767px) 89vw, (max-width: 1000px) 54vw, (max-width: 1071px) 543px, 580px\" \/><\/figure>\n\n\n\n<figure class=\"wp-block-image size-large\"><img loading=\"lazy\" decoding=\"async\" width=\"1024\" height=\"683\" data-id=\"210\" src=\"https:\/\/garikas.lv\/new\/wp-content\/uploads\/2023\/07\/garikas1-1024x683.jpeg\" alt=\"\" class=\"wp-image-210\" srcset=\"https:\/\/garikas.lv\/new\/wp-content\/uploads\/2023\/07\/garikas1-1024x683.jpeg 1024w, https:\/\/garikas.lv\/new\/wp-content\/uploads\/2023\/07\/garikas1-300x200.jpeg 300w, https:\/\/garikas.lv\/new\/wp-content\/uploads\/2023\/07\/garikas1-768x512.jpeg 768w, https:\/\/garikas.lv\/new\/wp-content\/uploads\/2023\/07\/garikas1-1536x1024.jpeg 1536w, https:\/\/garikas.lv\/new\/wp-content\/uploads\/2023\/07\/garikas1.jpeg 1600w\" sizes=\"auto, (max-width: 767px) 89vw, (max-width: 1000px) 54vw, (max-width: 1071px) 543px, 580px\" \/><\/figure>\n\n\n\n<figure class=\"wp-block-image size-large\"><img loading=\"lazy\" decoding=\"async\" width=\"684\" height=\"1024\" data-id=\"211\" src=\"https:\/\/garikas.lv\/new\/wp-content\/uploads\/2023\/07\/garikas2-684x1024.jpeg\" alt=\"\" class=\"wp-image-211\" srcset=\"https:\/\/garikas.lv\/new\/wp-content\/uploads\/2023\/07\/garikas2-684x1024.jpeg 684w, https:\/\/garikas.lv\/new\/wp-content\/uploads\/2023\/07\/garikas2-200x300.jpeg 200w, https:\/\/garikas.lv\/new\/wp-content\/uploads\/2023\/07\/garikas2-768x1151.jpeg 768w, https:\/\/garikas.lv\/new\/wp-content\/uploads\/2023\/07\/garikas2-1025x1536.jpeg 1025w, https:\/\/garikas.lv\/new\/wp-content\/uploads\/2023\/07\/garikas2.jpeg 1068w\" sizes=\"auto, (max-width: 684px) 100vw, 684px\" \/><\/figure>\n\n\n\n<figure class=\"wp-block-image size-large\"><img loading=\"lazy\" decoding=\"async\" width=\"771\" height=\"1024\" data-id=\"216\" src=\"https:\/\/garikas.lv\/new\/wp-content\/uploads\/2023\/07\/garikas3-771x1024.jpeg\" alt=\"\" class=\"wp-image-216\" srcset=\"https:\/\/garikas.lv\/new\/wp-content\/uploads\/2023\/07\/garikas3-771x1024.jpeg 771w, https:\/\/garikas.lv\/new\/wp-content\/uploads\/2023\/07\/garikas3-226x300.jpeg 226w, https:\/\/garikas.lv\/new\/wp-content\/uploads\/2023\/07\/garikas3-768x1020.jpeg 768w, https:\/\/garikas.lv\/new\/wp-content\/uploads\/2023\/07\/garikas3-1157x1536.jpeg 1157w, https:\/\/garikas.lv\/new\/wp-content\/uploads\/2023\/07\/garikas3.jpeg 1536w\" sizes=\"auto, (max-width: 767px) 89vw, (max-width: 1000px) 54vw, (max-width: 1071px) 543px, 580px\" \/><\/figure>\n\n\n\n<figure class=\"wp-block-image size-large\"><img loading=\"lazy\" decoding=\"async\" width=\"771\" height=\"1024\" data-id=\"217\" src=\"https:\/\/garikas.lv\/new\/wp-content\/uploads\/2023\/07\/garikas4-771x1024.jpeg\" alt=\"\" class=\"wp-image-217\" srcset=\"https:\/\/garikas.lv\/new\/wp-content\/uploads\/2023\/07\/garikas4-771x1024.jpeg 771w, https:\/\/garikas.lv\/new\/wp-content\/uploads\/2023\/07\/garikas4-226x300.jpeg 226w, https:\/\/garikas.lv\/new\/wp-content\/uploads\/2023\/07\/garikas4-768x1020.jpeg 768w, https:\/\/garikas.lv\/new\/wp-content\/uploads\/2023\/07\/garikas4-1157x1536.jpeg 1157w, https:\/\/garikas.lv\/new\/wp-content\/uploads\/2023\/07\/garikas4.jpeg 1536w\" sizes=\"auto, (max-width: 767px) 89vw, (max-width: 1000px) 54vw, (max-width: 1071px) 543px, 580px\" \/><\/figure>\n\n\n\n<figure class=\"wp-block-image size-large\"><img loading=\"lazy\" decoding=\"async\" width=\"771\" height=\"1024\" data-id=\"218\" src=\"https:\/\/garikas.lv\/new\/wp-content\/uploads\/2023\/07\/garikas5-771x1024.jpeg\" alt=\"\" class=\"wp-image-218\" srcset=\"https:\/\/garikas.lv\/new\/wp-content\/uploads\/2023\/07\/garikas5-771x1024.jpeg 771w, https:\/\/garikas.lv\/new\/wp-content\/uploads\/2023\/07\/garikas5-226x300.jpeg 226w, https:\/\/garikas.lv\/new\/wp-content\/uploads\/2023\/07\/garikas5-768x1020.jpeg 768w, https:\/\/garikas.lv\/new\/wp-content\/uploads\/2023\/07\/garikas5-1157x1536.jpeg 1157w, https:\/\/garikas.lv\/new\/wp-content\/uploads\/2023\/07\/garikas5.jpeg 1536w\" sizes=\"auto, (max-width: 767px) 89vw, (max-width: 1000px) 54vw, (max-width: 1071px) 543px, 580px\" \/><\/figure>\n<\/figure>\n\n\n\n<p><span class=\"Apple-tab-span\" style=\"white-space:pre\"> <\/span><\/p>\n","protected":false},"excerpt":{"rendered":"<p>Priec\u0101simies un b\u016bsim pateic\u012bgi ar\u012b par J\u016bsu bild\u0113m!<\/p>\n","protected":false},"author":1,"featured_media":0,"parent":0,"menu_order":0,"comment_status":"closed","ping_status":"closed","template":"","meta":{"footnotes":""},"class_list":["post-66","page","type-page","status-publish","hentry"],"_links":{"self":[{"href":"https:\/\/garikas.lv\/new\/index.php\/wp-json\/wp\/v2\/pages\/66","targetHints":{"allow":["GET"]}}],"collection":[{"href":"https:\/\/garikas.lv\/new\/index.php\/wp-json\/wp\/v2\/pages"}],"about":[{"href":"https:\/\/garikas.lv\/new\/index.php\/wp-json\/wp\/v2\/types\/page"}],"author":[{"embeddable":true,"href":"https:\/\/garikas.lv\/new\/index.php\/wp-json\/wp\/v2\/users\/1"}],"replies":[{"embeddable":true,"href":"https:\/\/garikas.lv\/new\/index.php\/wp-json\/wp\/v2\/comments?post=66"}],"version-history":[{"count":10,"href":"https:\/\/garikas.lv\/new\/index.php\/wp-json\/wp\/v2\/pages\/66\/revisions"}],"predecessor-version":[{"id":219,"href":"https:\/\/garikas.lv\/new\/index.php\/wp-json\/wp\/v2\/pages\/66\/revisions\/219"}],"wp:attachment":[{"href":"https:\/\/garikas.lv\/new\/index.php\/wp-json\/wp\/v2\/media?parent=66"}],"curies":[{"name":"wp","href":"https:\/\/api.w.org\/{rel}","templated":true}]}}