{"id":35,"date":"2023-06-25T17:13:35","date_gmt":"2023-06-25T17:13:35","guid":{"rendered":"https:\/\/garikas.lv\/new\/?page_id=35"},"modified":"2025-08-19T16:14:20","modified_gmt":"2025-08-19T16:14:20","slug":"pakalpojumi","status":"publish","type":"page","link":"https:\/\/garikas.lv\/new\/index.php\/pakalpojumi\/","title":{"rendered":"Pakalpojumi"},"content":{"rendered":"\n<p><strong>Ekskursija un \u0161itake s\u0113\u0146u degust\u0101cija<\/strong><\/p>\n\n\n\n<ul class=\"wp-block-list\">\n<li>&#8220;Gar\u012bku&#8221; m\u0101jas v\u0113sture un att\u012bst\u012bba<\/li>\n\n\n\n<li>\u0160itake s\u0113\u0146u audz\u0113\u0161anas veiksmes un sare\u017e\u0123\u012bjumi<\/li>\n\n\n\n<li>\u0160itake s\u0113\u0146u zupas vai m\u0113rces degust\u0101cija<\/li>\n\n\n\n<li>Iesp\u0113ja ieg\u0101d\u0101ties \u0161itake s\u0113\u0146u produkciju<\/li>\n<\/ul>\n\n\n\n<p><strong>\u0112din\u0101\u0161ana un pas\u0101kumi<\/strong><\/p>\n\n\n\n<ul class=\"wp-block-list\">\n<li>S\u0101t\u012bgas brokastis viesu m\u0101jas &#8220;Gar\u012bkas&#8221; viesiem<\/li>\n\n\n\n<li>Pusdienas vai vakari\u0146as liel\u0101kam viesu skaitam<\/li>\n\n\n\n<li>Gar\u0161\u012bgas malt\u012btes sporta, semin\u0101ra vai kolekt\u012bva saliedie\u0161anas pas\u0101kumos<\/li>\n\n\n\n<li>\u012apa\u0161ais pied\u0101v\u0101jums &#8211; gardi un vesel\u012bgi \u0161itake s\u0113\u0146u \u0113dieni gan telp\u0101s, gan piknik\u0101 (piknik\u0101 ar\u012b svaigi \u017e\u0101v\u0113jumi)<\/li>\n\n\n\n<li>Meistarklase \u0161itake s\u0113\u0146u gatavo\u0161an\u0101<\/li>\n<\/ul>\n\n\n\n<p><strong>Nak\u0161\u0146o\u0161anas iesp\u0113jas<\/strong><\/p>\n\n\n\n<ul class=\"wp-block-list\">\n<li>Nak\u0161\u0146o\u0161ana 1 &#8211; 2 viet\u012bg\u0101s, k\u0101 ar\u012b 3 &#8211; 4 viet\u012bg\u0101s istab\u0101s (l\u012bdz 20 cilv\u0113kiem)<\/li>\n\n\n\n<li>Liel\u0101kam viesu skaitam matra\u010di vai tel\u0161u vietas<\/li>\n<\/ul>\n\n\n\n<p><strong>Pirts<\/strong><\/p>\n\n\n\n<ul class=\"wp-block-list\">\n<li>Ar malku kurin\u0101ma, maiga, smar\u017e\u012bga liepas koka pirts un atspirdzin\u0101jumam tuv\u0101kaj\u0101 apk\u0101rtn\u0113 sar\u016bp\u0113ti dz\u0113rieni &#8211; z\u0101\u013cu t\u0113jas, b\u0113rzu, ogu un aug\u013cu sulas<\/li>\n\n\n\n<li>Atv\u0113sin\u0101\u0161an\u0101s iesp\u0113ja &#8211; peldes dz\u012bvaj\u0101 \u016bden\u012b, vien\u0101 no 5 d\u012b\u0137iem, kuri atrodas m\u0101jas tuv\u0101kaj\u0101 apk\u0101rtn\u0113<\/li>\n\n\n\n<li>Kubls ar \u016bdensmas\u0101\u017eu<\/li>\n<\/ul>\n\n\n\n<p><strong>Papildus pied\u0101v\u0101jumi<\/strong><\/p>\n\n\n\n<ul class=\"wp-block-list\">\n<li>Sporta laukums &#8211; volejbols, basketbols, futbols<\/li>\n\n\n\n<li>Piknika vieta-\u0101ra kam\u012bns, grils<\/li>\n\n\n\n<li>Pla\u0161a apk\u0101rtne ar 5 d\u012b\u0137iem<\/li>\n\n\n\n<li>Tel\u0161u vietas<\/li>\n\n\n\n<li>Vieta auto novieto\u0161anai<\/li>\n\n\n\n<li>Pastaigu takas ar skatu tor\u0146iem<\/li>\n\n\n\n<li>Peldvieta<\/li>\n<\/ul>\n\n\n\n<p>Visus pakalpojumus l\u016bdzam pieteikt<strong> vismaz divas dienas pirms<\/strong>,<\/p>\n\n\n\n<p>pa  t\u0101lruni &#8211; <strong>29147778<\/strong> vai epast\u0101 <strong>info@garikas.lv<\/strong><\/p>\n\n\n\n<p><\/p>\n","protected":false},"excerpt":{"rendered":"<p>Ekskursija un \u0161itake s\u0113\u0146u degust\u0101cija \u0112din\u0101\u0161ana un pas\u0101kumi Nak\u0161\u0146o\u0161anas iesp\u0113jas Pirts Papildus pied\u0101v\u0101jumi Visus pakalpojumus l\u016bdzam pieteikt vismaz divas dienas pirms, pa t\u0101lruni &#8211; 29147778 vai epast\u0101 info@garikas.lv<\/p>\n","protected":false},"author":1,"featured_media":38,"parent":0,"menu_order":0,"comment_status":"closed","ping_status":"closed","template":"","meta":{"footnotes":""},"class_list":["post-35","page","type-page","status-publish","has-post-thumbnail","hentry"],"_links":{"self":[{"href":"https:\/\/garikas.lv\/new\/index.php\/wp-json\/wp\/v2\/pages\/35","targetHints":{"allow":["GET"]}}],"collection":[{"href":"https:\/\/garikas.lv\/new\/index.php\/wp-json\/wp\/v2\/pages"}],"about":[{"href":"https:\/\/garikas.lv\/new\/index.php\/wp-json\/wp\/v2\/types\/page"}],"author":[{"embeddable":true,"href":"https:\/\/garikas.lv\/new\/index.php\/wp-json\/wp\/v2\/users\/1"}],"replies":[{"embeddable":true,"href":"https:\/\/garikas.lv\/new\/index.php\/wp-json\/wp\/v2\/comments?post=35"}],"version-history":[{"count":18,"href":"https:\/\/garikas.lv\/new\/index.php\/wp-json\/wp\/v2\/pages\/35\/revisions"}],"predecessor-version":[{"id":237,"href":"https:\/\/garikas.lv\/new\/index.php\/wp-json\/wp\/v2\/pages\/35\/revisions\/237"}],"wp:featuredmedia":[{"embeddable":true,"href":"https:\/\/garikas.lv\/new\/index.php\/wp-json\/wp\/v2\/media\/38"}],"wp:attachment":[{"href":"https:\/\/garikas.lv\/new\/index.php\/wp-json\/wp\/v2\/media?parent=35"}],"curies":[{"name":"wp","href":"https:\/\/api.w.org\/{rel}","templated":true}]}}