{"id":11,"date":"2023-06-25T17:02:04","date_gmt":"2023-06-25T17:02:04","guid":{"rendered":"https:\/\/garikas.lv\/new\/?page_id=11"},"modified":"2025-08-19T16:57:26","modified_gmt":"2025-08-19T16:57:26","slug":"par-mums","status":"publish","type":"page","link":"https:\/\/garikas.lv\/new\/","title":{"rendered":"Par mums"},"content":{"rendered":"\n<h2 class=\"wp-block-heading\">Par Viesu m\u0101ju &#8220;Gar\u012bkas&#8221;<\/h2>\n\n\n\n<p>Viesu m\u0101ja &#8220;Gar\u012bkas&#8221; atrodas Kurzemes vidien\u0113, starp div\u0101m mazpils\u0113t\u0101m Skrundu un Aizputi. Uz m\u0101ju ved simtgad\u012bga liepu aleja, t\u0101l\u0101k pla\u0161a apk\u0101rtne, kur\u0101 katrs viesis var justies netrauc\u0113ts. Viesu m\u0101ja iek\u0101rtota sen\u0101, neliel\u0101 lauku mui\u017eas \u0113k\u0101. Saimnieki nodarbojas ar netradicion\u0101lo lauksaimniec\u012bbu &#8211; \u0161itake s\u0113\u0146u audz\u0113\u0161anu. Gaid\u0101m uz atp\u016btu gan \u0123imenes, gan liel\u0101kus radu un draugu pulkus, gan darba kol\u0113\u0123us.<\/p>\n\n\n\n<figure class=\"wp-block-embed is-type-rich is-provider-embed-handler wp-block-embed-embed-handler wp-embed-aspect-16-9 wp-has-aspect-ratio\"><div class=\"wp-block-embed__wrapper\">\n<iframe loading=\"lazy\" title=\"\u201cGar\u012bk\u0101s\u201d aug piepras\u012bjums p\u0113c \u0161itaki s\u0113n\u0113m\" width=\"525\" height=\"295\" src=\"https:\/\/www.youtube.com\/embed\/3VIrywN3AUY?feature=oembed\" frameborder=\"0\" allow=\"accelerometer; autoplay; clipboard-write; encrypted-media; gyroscope; picture-in-picture; web-share\" referrerpolicy=\"strict-origin-when-cross-origin\" allowfullscreen><\/iframe>\n<\/div><\/figure>\n","protected":false},"excerpt":{"rendered":"<p>Par Viesu m\u0101ju &#8220;Gar\u012bkas&#8221; Viesu m\u0101ja &#8220;Gar\u012bkas&#8221; atrodas Kurzemes vidien\u0113, starp div\u0101m mazpils\u0113t\u0101m Skrundu un Aizputi. Uz m\u0101ju ved simtgad\u012bga liepu aleja, t\u0101l\u0101k pla\u0161a apk\u0101rtne, kur\u0101 katrs viesis var justies netrauc\u0113ts. Viesu m\u0101ja iek\u0101rtota sen\u0101, neliel\u0101 lauku mui\u017eas \u0113k\u0101. Saimnieki nodarbojas ar netradicion\u0101lo lauksaimniec\u012bbu &#8211; \u0161itake s\u0113\u0146u audz\u0113\u0161anu. Gaid\u0101m uz atp\u016btu gan \u0123imenes, gan liel\u0101kus &hellip; <\/p>\n<p class=\"link-more\"><a href=\"https:\/\/garikas.lv\/new\/\" class=\"more-link\">Turpin\u0101t las\u012bt<span class=\"screen-reader-text\"> &#8220;Par mums&#8221;<\/span><\/a><\/p>\n","protected":false},"author":1,"featured_media":270,"parent":0,"menu_order":0,"comment_status":"closed","ping_status":"closed","template":"","meta":{"footnotes":""},"class_list":["post-11","page","type-page","status-publish","has-post-thumbnail","hentry"],"_links":{"self":[{"href":"https:\/\/garikas.lv\/new\/index.php\/wp-json\/wp\/v2\/pages\/11","targetHints":{"allow":["GET"]}}],"collection":[{"href":"https:\/\/garikas.lv\/new\/index.php\/wp-json\/wp\/v2\/pages"}],"about":[{"href":"https:\/\/garikas.lv\/new\/index.php\/wp-json\/wp\/v2\/types\/page"}],"author":[{"embeddable":true,"href":"https:\/\/garikas.lv\/new\/index.php\/wp-json\/wp\/v2\/users\/1"}],"replies":[{"embeddable":true,"href":"https:\/\/garikas.lv\/new\/index.php\/wp-json\/wp\/v2\/comments?post=11"}],"version-history":[{"count":4,"href":"https:\/\/garikas.lv\/new\/index.php\/wp-json\/wp\/v2\/pages\/11\/revisions"}],"predecessor-version":[{"id":235,"href":"https:\/\/garikas.lv\/new\/index.php\/wp-json\/wp\/v2\/pages\/11\/revisions\/235"}],"wp:featuredmedia":[{"embeddable":true,"href":"https:\/\/garikas.lv\/new\/index.php\/wp-json\/wp\/v2\/media\/270"}],"wp:attachment":[{"href":"https:\/\/garikas.lv\/new\/index.php\/wp-json\/wp\/v2\/media?parent=11"}],"curies":[{"name":"wp","href":"https:\/\/api.w.org\/{rel}","templated":true}]}}